{"id":1059,"date":"2022-09-29T20:01:53","date_gmt":"2022-09-29T23:01:53","guid":{"rendered":"https:\/\/converta.app\/origens\/?page_id=1059"},"modified":"2022-12-02T15:12:42","modified_gmt":"2022-12-02T18:12:42","slug":"lojas-site","status":"publish","type":"page","link":"https:\/\/converta.app\/origens\/lojas-site\/","title":{"rendered":"Lojas Origens | Site Novo Origens"},"content":{"rendered":"\t\t<div data-elementor-type=\"wp-page\" data-elementor-id=\"1059\" class=\"elementor elementor-1059\">\n\t\t\t\t\t\t\t\t\t<section class=\"elementor-section elementor-top-section elementor-element elementor-element-aeeb174 elementor-section-full_width elementor-section-height-min-height elementor-section-items-stretch elementor-section-height-default\" data-id=\"aeeb174\" data-element_type=\"section\">\n\t\t\t\t\t\t<div class=\"elementor-container elementor-column-gap-no\">\n\t\t\t\t\t<div class=\"elementor-column elementor-col-100 elementor-top-column elementor-element elementor-element-e6fed29\" data-id=\"e6fed29\" data-element_type=\"column\">\n\t\t\t<div class=\"elementor-widget-wrap elementor-element-populated\">\n\t\t\t\t\t\t\t\t<div class=\"elementor-element elementor-element-122a5db elementor--h-position-center elementor--v-position-middle elementor-arrows-position-inside elementor-pagination-position-inside elementor-widget elementor-widget-slides\" data-id=\"122a5db\" data-element_type=\"widget\" data-settings=\"{&quot;navigation&quot;:&quot;both&quot;,&quot;autoplay&quot;:&quot;yes&quot;,&quot;pause_on_hover&quot;:&quot;yes&quot;,&quot;pause_on_interaction&quot;:&quot;yes&quot;,&quot;autoplay_speed&quot;:5000,&quot;infinite&quot;:&quot;yes&quot;,&quot;transition&quot;:&quot;slide&quot;,&quot;transition_speed&quot;:500}\" data-widget_type=\"slides.default\">\n\t\t\t\t<div class=\"elementor-widget-container\">\n\t\t\t<style>\/*! elementor-pro - v3.5.2 - 28-11-2021 *\/\n.elementor-slides .swiper-slide-bg{-webkit-background-size:cover;background-size:cover;background-position:50%;background-repeat:no-repeat;min-width:100%;min-height:100%}.elementor-slides .swiper-slide-inner{background-repeat:no-repeat;background-position:50%;position:absolute;top:0;left:0;bottom:0;right:0;padding:50px;margin:auto}.elementor-slides .swiper-slide-inner,.elementor-slides .swiper-slide-inner:hover{color:#fff;display:-webkit-box;display:-ms-flexbox;display:flex}.elementor-slides .swiper-slide-inner .elementor-background-overlay{position:absolute;z-index:0;top:0;bottom:0;left:0;right:0}.elementor-slides .swiper-slide-inner .elementor-slide-content{position:relative;z-index:1;width:100%}.elementor-slides .swiper-slide-inner .elementor-slide-heading{font-size:35px;font-weight:700;line-height:1}.elementor-slides .swiper-slide-inner .elementor-slide-description{font-size:17px;line-height:1.4}.elementor-slides .swiper-slide-inner .elementor-slide-description:not(:last-child),.elementor-slides .swiper-slide-inner .elementor-slide-heading:not(:last-child){margin-bottom:30px}.elementor-slides .swiper-slide-inner .elementor-slide-button{border:2px solid #fff;color:#fff;background:transparent;display:inline-block}.elementor-slides .swiper-slide-inner .elementor-slide-button,.elementor-slides .swiper-slide-inner .elementor-slide-button:hover{background:transparent;color:inherit;text-decoration:none}.elementor--v-position-top .swiper-slide-inner{-webkit-box-align:start;-ms-flex-align:start;align-items:flex-start}.elementor--v-position-bottom .swiper-slide-inner{-webkit-box-align:end;-ms-flex-align:end;align-items:flex-end}.elementor--v-position-middle .swiper-slide-inner{-webkit-box-align:center;-ms-flex-align:center;align-items:center}.elementor--h-position-left .swiper-slide-inner{-webkit-box-pack:start;-ms-flex-pack:start;justify-content:flex-start}.elementor--h-position-right .swiper-slide-inner{-webkit-box-pack:end;-ms-flex-pack:end;justify-content:flex-end}.elementor--h-position-center .swiper-slide-inner{-webkit-box-pack:center;-ms-flex-pack:center;justify-content:center}body.rtl .elementor-widget-slides .elementor-swiper-button-next{left:10px;right:auto}body.rtl .elementor-widget-slides .elementor-swiper-button-prev{right:10px;left:auto}.elementor-slides-wrapper div:not(.swiper-slide)>.swiper-slide-inner{display:none}@media (max-width:767px){.elementor-slides .swiper-slide-inner{padding:30px}.elementor-slides .swiper-slide-inner .elementor-slide-heading{font-size:23px;line-height:1;margin-bottom:15px}.elementor-slides .swiper-slide-inner .elementor-slide-description{font-size:13px;line-height:1.4;margin-bottom:15px}}<\/style>\t\t<div class=\"elementor-swiper\">\n\t\t\t<div class=\"elementor-slides-wrapper elementor-main-swiper swiper-container\" dir=\"ltr\" data-animation=\"\">\n\t\t\t\t<div class=\"swiper-wrapper elementor-slides\">\n\t\t\t\t\t\t\t\t\t\t<div class=\"elementor-repeater-item-fd7c344 swiper-slide\"><div class=\"swiper-slide-bg elementor-ken-burns elementor-ken-burns--in\"><\/div><div class=\"elementor-background-overlay\"><\/div><a class=\"swiper-slide-inner\" href=\"https:\/\/wa.me\/5527992798787\" target=\"_blank\"><div class=\"swiper-slide-contents\"><div class=\"elementor-slide-heading\">LOJA PRAIA DO CANTO<\/div><div class=\"elementor-slide-description\">Rua Aleixo Neto, 721, loja 08, Praia do Canto, Vit\u00f3ria, ES | CEP: 29.057-200<br><br>\nWhatsApp: (027) 99279-8787\n<br><br>\nlojapc@sejaorigens.com.br\n\nSeg\/Sex - 9:00 \u00e0s 20:00 | S\u00e1b - 9:00 \u00e0s 18:00<\/div><div  class=\"elementor-button elementor-slide-button elementor-size-sm\">Fale com a loja<\/div><\/div><\/a><\/div><div class=\"elementor-repeater-item-70c9874 swiper-slide\"><div class=\"swiper-slide-bg elementor-ken-burns elementor-ken-burns--in\"><\/div><div class=\"elementor-background-overlay\"><\/div><a class=\"swiper-slide-inner\" href=\"https:\/\/wa.me\/5527995336504\" target=\"_blank\"><div class=\"swiper-slide-contents\"><div class=\"elementor-slide-heading\">LOJA PRAIA DA COSTA<\/div><div class=\"elementor-slide-description\">Av. Dr. Ol\u00edvio Lira, 353 - Praia da Costa, 3\u00ba Piso, Loja 304D. Vila Velha, ES. CEP: 29.101-260<br><br>\nWhatsApp: (027) 99533-6504\n<br>\nlojaspc@sejaorigens.com.br\n<br>\nSeg\/S\u00e1b - 10:00 \u00e0s 22:00 | Dom\/Feriados - 14:00 \u00e0s 21:00<\/div><div  class=\"elementor-button elementor-slide-button elementor-size-sm\">Fale com a loja<\/div><\/div><\/a><\/div><div class=\"elementor-repeater-item-2f5e2f8 swiper-slide\"><div class=\"swiper-slide-bg elementor-ken-burns elementor-ken-burns--in\"><\/div><div class=\"elementor-background-overlay\"><\/div><a class=\"swiper-slide-inner\" href=\"https:\/\/wa.me\/5527999105138\" target=\"_blank\"><div class=\"swiper-slide-contents\"><div class=\"elementor-slide-heading\">LOJA SHOPPING VILA VELHA<\/div><div class=\"elementor-slide-description\">\nRua Luciano das Neves, 2418, loja 2029 A, Divino Esp\u00edrito Santo, Vila Velha, ES | CEP: 29.107-900<br><br>\nWhatsApp: (027) 99910-5138\n<br>\nlojasvv@sejaorigens.com.br\n<br>\nSeg\/S\u00e1b - 10:00 \u00e0s 22:00 | Dom\/Feriados - 14:00 \u00e0s 21:00<\/div><div  class=\"elementor-button elementor-slide-button elementor-size-sm\">Fale com a loja<\/div><\/div><\/a><\/div><div class=\"elementor-repeater-item-8e7ec86 swiper-slide\"><div class=\"swiper-slide-bg elementor-ken-burns elementor-ken-burns--in\"><\/div><div class=\"elementor-background-overlay\"><\/div><a class=\"swiper-slide-inner\" href=\"https:\/\/wa.me\/5527995062454\" target=\"_blank\"><div class=\"swiper-slide-contents\"><div class=\"elementor-slide-heading\">LOJA SHOPPING VIT\u00d3RIA<\/div><div class=\"elementor-slide-description\">LOJA SHOPPING VIT\u00d3RIA\nAv. Am\u00e9rico Buaiz, 200, 1\u00ba Piso, Loja 510, Enseada do Su\u00e1, Vit\u00f3ria, ES (1 \u00ba Piso, ao lado da Farm) | CEP: 29.050-420<br><br>\nWhatsApp: (027) 99506-2454\n<br><br>\nlojasv@sejaorigens.com.br\n<br><br>\nSeg\/S\u00e1b - 10:00 \u00e0s 22:00 | Dom\/Feriados - 14:00 \u00e0s 21:00<\/div><div  class=\"elementor-button elementor-slide-button elementor-size-sm\">Fale com a Loja<\/div><\/div><\/a><\/div><div class=\"elementor-repeater-item-7b70ae6 swiper-slide\"><div class=\"swiper-slide-bg elementor-ken-burns elementor-ken-burns--in\"><\/div><div class=\"elementor-background-overlay\"><\/div><a class=\"swiper-slide-inner\" href=\"https:\/\/wa.me\/5527999294888\" target=\"_blank\"><div class=\"swiper-slide-contents\"><div class=\"elementor-slide-heading\">LOJA K1 - ORLA DE CAMBURI<\/div><div class=\"elementor-slide-description\">Av. Dante Michelini, 330, Jardim da Penha, Vit\u00f3ria, ES (1\u00ba quiosque da Orla de Camburi) | CEP: 29060-230<br><br>\nWhatsApp: (027) 99929-4888\n<br><br>\nlojak1@sejaorigens.com.br\n<br><br>\nDom e Seg - 9 \u00e0s 20h | Ter\/S\u00e1b - 9 \u00e0s 23h<\/div><div  class=\"elementor-button elementor-slide-button elementor-size-sm\">Fale com a loja<\/div><\/div><\/a><\/div><div class=\"elementor-repeater-item-81db5d0 swiper-slide\"><div class=\"swiper-slide-bg elementor-ken-burns elementor-ken-burns--in\"><\/div><div class=\"elementor-background-overlay\"><\/div><a class=\"swiper-slide-inner\" href=\"https:\/\/wa.me\/5527999294888\" target=\"_blank\"><div class=\"swiper-slide-contents\"><div class=\"elementor-slide-heading\">ESPA\u00c7O ORIGENS CARA\u00cdVA<\/div><div class=\"elementor-slide-description\">Anexo \u00e0 Casa Heglay <br>\nRua da Lagoa Cara\u00edva,<br> Porto Seguro - BA, <br>CEP: 45819-000. <br>Ao lado da Pousada Lagoa Cara\u00edva.<br>\nSeg\/Dom- 10:00 \u00e0s 22:00h<\/div><div  class=\"elementor-button elementor-slide-button elementor-size-sm\">Fale com a loja<\/div><\/div><\/a><\/div>\t\t\t\t<\/div>\n\t\t\t\t\t\t\t\t\t\t\t\t\t\t\t<div class=\"swiper-pagination\"><\/div>\n\t\t\t\t\t\t\t\t\t\t\t\t\t\t\t\t<div class=\"elementor-swiper-button elementor-swiper-button-prev\">\n\t\t\t\t\t\t\t<i aria-hidden=\"true\" class=\"eicon-chevron-left\"><\/i>\t\t\t\t\t\t\t<span class=\"elementor-screen-only\">Previous<\/span>\n\t\t\t\t\t\t<\/div>\n\t\t\t\t\t\t<div class=\"elementor-swiper-button elementor-swiper-button-next\">\n\t\t\t\t\t\t\t<i aria-hidden=\"true\" class=\"eicon-chevron-right\"><\/i>\t\t\t\t\t\t\t<span class=\"elementor-screen-only\">Next<\/span>\n\t\t\t\t\t\t<\/div>\n\t\t\t\t\t\t\t\t\t\t\t\t<\/div>\n\t\t<\/div>\n\t\t\t\t<\/div>\n\t\t\t\t<\/div>\n\t\t\t\t\t<\/div>\n\t\t<\/div>\n\t\t\t\t\t\t\t<\/div>\n\t\t<\/section>\n\t\t\t\t\t\t\t<\/div>\n\t\t","protected":false},"excerpt":{"rendered":"<p>LOJA PRAIA DO CANTORua Aleixo Neto, 721, loja 08, Praia do Canto, Vit\u00f3ria, ES | CEP: 29.057-200 WhatsApp: (027) 99279-8787 lojapc@sejaorigens.com.br Seg\/Sex &#8211; 9:00 \u00e0s 20:00 | S\u00e1b &#8211; 9:00 \u00e0s 18:00Fale com a lojaLOJA PRAIA DA COSTAAv. Dr. Ol\u00edvio Lira, 353 &#8211; Praia da Costa, 3\u00ba Piso, Loja 304D. Vila Velha, ES. CEP: 29.101-260 [&hellip;]<\/p>\n","protected":false},"author":1,"featured_media":0,"parent":0,"menu_order":0,"comment_status":"closed","ping_status":"closed","template":"","meta":{"om_disable_all_campaigns":false,"inline_featured_image":false,"_monsterinsights_skip_tracking":false,"_monsterinsights_sitenote_active":false,"_monsterinsights_sitenote_note":"","_monsterinsights_sitenote_category":0},"_links":{"self":[{"href":"https:\/\/converta.app\/origens\/wp-json\/wp\/v2\/pages\/1059"}],"collection":[{"href":"https:\/\/converta.app\/origens\/wp-json\/wp\/v2\/pages"}],"about":[{"href":"https:\/\/converta.app\/origens\/wp-json\/wp\/v2\/types\/page"}],"author":[{"embeddable":true,"href":"https:\/\/converta.app\/origens\/wp-json\/wp\/v2\/users\/1"}],"replies":[{"embeddable":true,"href":"https:\/\/converta.app\/origens\/wp-json\/wp\/v2\/comments?post=1059"}],"version-history":[{"count":37,"href":"https:\/\/converta.app\/origens\/wp-json\/wp\/v2\/pages\/1059\/revisions"}],"predecessor-version":[{"id":1158,"href":"https:\/\/converta.app\/origens\/wp-json\/wp\/v2\/pages\/1059\/revisions\/1158"}],"wp:attachment":[{"href":"https:\/\/converta.app\/origens\/wp-json\/wp\/v2\/media?parent=1059"}],"curies":[{"name":"wp","href":"https:\/\/api.w.org\/{rel}","templated":true}]}}